{"id":132,"date":"2019-08-21T17:12:08","date_gmt":"2019-08-21T17:12:08","guid":{"rendered":"https:\/\/cap20794.activis.ca\/?page_id=132"},"modified":"2024-06-03T12:19:37","modified_gmt":"2024-06-03T16:19:37","slug":"notre-equipe","status":"publish","type":"page","link":"https:\/\/capitolindustriesinc.com\/fr\/a-propos\/notre-equipe\/","title":{"rendered":"Notre \u00e9quipe"},"content":{"rendered":"\t\t<div data-elementor-type=\"wp-page\" data-elementor-id=\"132\" class=\"elementor elementor-132\" data-elementor-post-type=\"page\">\n\t\t\t\t\t\t<section class=\"elementor-section elementor-inner-section elementor-element elementor-element-39e27f3 elementor-section-height-min-height elementor-section-boxed elementor-section-height-default\" data-id=\"39e27f3\" data-element_type=\"section\" data-settings=\"{&quot;jet_parallax_layout_list&quot;:[{&quot;jet_parallax_layout_image&quot;:{&quot;url&quot;:&quot;&quot;,&quot;id&quot;:&quot;&quot;,&quot;size&quot;:&quot;&quot;},&quot;_id&quot;:&quot;9855099&quot;,&quot;jet_parallax_layout_image_tablet&quot;:{&quot;url&quot;:&quot;&quot;,&quot;id&quot;:&quot;&quot;,&quot;size&quot;:&quot;&quot;},&quot;jet_parallax_layout_image_mobile&quot;:{&quot;url&quot;:&quot;&quot;,&quot;id&quot;:&quot;&quot;,&quot;size&quot;:&quot;&quot;},&quot;jet_parallax_layout_speed&quot;:{&quot;unit&quot;:&quot;%&quot;,&quot;size&quot;:50,&quot;sizes&quot;:[]},&quot;jet_parallax_layout_type&quot;:&quot;scroll&quot;,&quot;jet_parallax_layout_direction&quot;:null,&quot;jet_parallax_layout_fx_direction&quot;:null,&quot;jet_parallax_layout_z_index&quot;:&quot;&quot;,&quot;jet_parallax_layout_bg_x&quot;:50,&quot;jet_parallax_layout_bg_x_tablet&quot;:&quot;&quot;,&quot;jet_parallax_layout_bg_x_mobile&quot;:&quot;&quot;,&quot;jet_parallax_layout_bg_y&quot;:50,&quot;jet_parallax_layout_bg_y_tablet&quot;:&quot;&quot;,&quot;jet_parallax_layout_bg_y_mobile&quot;:&quot;&quot;,&quot;jet_parallax_layout_bg_size&quot;:&quot;auto&quot;,&quot;jet_parallax_layout_bg_size_tablet&quot;:&quot;&quot;,&quot;jet_parallax_layout_bg_size_mobile&quot;:&quot;&quot;,&quot;jet_parallax_layout_animation_prop&quot;:&quot;transform&quot;,&quot;jet_parallax_layout_on&quot;:[&quot;desktop&quot;,&quot;tablet&quot;]}]}\">\n\t\t\t\t\t\t<div class=\"elementor-container elementor-column-gap-no\">\n\t\t\t\t\t<div class=\"elementor-column elementor-col-100 elementor-inner-column elementor-element elementor-element-731a767\" data-id=\"731a767\" data-element_type=\"column\">\n\t\t\t<div class=\"elementor-widget-wrap elementor-element-populated\">\n\t\t\t\t\t\t<div class=\"elementor-element elementor-element-4dd086f elementor-widget__width-initial elementor-widget-tablet__width-initial elementor-widget-mobile__width-initial elementor-cta--skin-classic elementor-animated-content elementor-bg-transform elementor-bg-transform-zoom-in elementor-widget elementor-widget-call-to-action\" data-id=\"4dd086f\" data-element_type=\"widget\" data-widget_type=\"call-to-action.default\">\n\t\t\t\t<div class=\"elementor-widget-container\">\n\t\t\t\t\t\t\t<div class=\"elementor-cta\">\n\t\t\t\t\t<div class=\"elementor-cta__bg-wrapper\">\n\t\t\t\t<div class=\"elementor-cta__bg elementor-bg\" style=\"background-image: url(https:\/\/capitolindustriesinc.com\/wp-content\/uploads\/2021\/02\/20210210_150653-1024x768.jpg);\" role=\"img\" aria-label=\"20210210_150653\"><\/div>\n\t\t\t\t<div class=\"elementor-cta__bg-overlay\"><\/div>\n\t\t\t<\/div>\n\t\t\t\t\t\t\t<div class=\"elementor-cta__content\">\n\t\t\t\t\n\t\t\t\t\t\t\t\t\t<h2 class=\"elementor-cta__title elementor-cta__content-item elementor-content-item\">\n\t\t\t\t\t\tHernan Ciecha\t\t\t\t\t<\/h2>\n\t\t\t\t\n\t\t\t\t\t\t\t\t\t<div class=\"elementor-cta__description elementor-cta__content-item elementor-content-item\">\n\t\t\t\t\t\tPr\u00e9sident<br>\n<br>1 514 273-0451, #392\t\t\t\t\t<\/div>\n\t\t\t\t\n\t\t\t\t\t\t\t\t\t<div class=\"elementor-cta__button-wrapper elementor-cta__content-item elementor-content-item \">\n\t\t\t\t\t<a class=\"elementor-cta__button elementor-button elementor-size-\" href=\"mailto:hernan.ciecha@capitolindustriesinc.com\">\n\t\t\t\t\t\thernan.ciecha@capitolindustriesinc.com\t\t\t\t\t<\/a>\n\t\t\t\t\t<\/div>\n\t\t\t\t\t\t\t<\/div>\n\t\t\t\t\t\t<\/div>\n\t\t\t\t\t\t<\/div>\n\t\t\t\t<\/div>\n\t\t\t\t<div class=\"elementor-element elementor-element-a395394 elementor-widget__width-initial elementor-widget-tablet__width-initial elementor-widget-mobile__width-initial elementor-cta--skin-classic elementor-animated-content elementor-bg-transform elementor-bg-transform-zoom-in elementor-widget elementor-widget-call-to-action\" data-id=\"a395394\" data-element_type=\"widget\" data-widget_type=\"call-to-action.default\">\n\t\t\t\t<div class=\"elementor-widget-container\">\n\t\t\t\t\t\t\t<div class=\"elementor-cta\">\n\t\t\t\t\t<div class=\"elementor-cta__bg-wrapper\">\n\t\t\t\t<div class=\"elementor-cta__bg elementor-bg\" style=\"background-image: url(https:\/\/capitolindustriesinc.com\/wp-content\/uploads\/2021\/02\/20210210_110125-1024x768.jpg);\" role=\"img\" aria-label=\"20210210_110125\"><\/div>\n\t\t\t\t<div class=\"elementor-cta__bg-overlay\"><\/div>\n\t\t\t<\/div>\n\t\t\t\t\t\t\t<div class=\"elementor-cta__content\">\n\t\t\t\t\n\t\t\t\t\t\t\t\t\t<h2 class=\"elementor-cta__title elementor-cta__content-item elementor-content-item\">\n\t\t\t\t\t\tPaul Wong\t\t\t\t\t<\/h2>\n\t\t\t\t\n\t\t\t\t\t\t\t\t\t<div class=\"elementor-cta__description elementor-cta__content-item elementor-content-item\">\n\t\t\t\t\t\tVentes - Service aux Entreprises<br>\n<br>1 514 273-0451, #337\t\t\t\t\t<\/div>\n\t\t\t\t\n\t\t\t\t\t\t\t\t\t<div class=\"elementor-cta__button-wrapper elementor-cta__content-item elementor-content-item \">\n\t\t\t\t\t<a class=\"elementor-cta__button elementor-button elementor-size-\" href=\"mailto:paul.wong@capitolindustriesinc.com\">\n\t\t\t\t\t\tpaul.wong@capitolindustriesinc.com\t\t\t\t\t<\/a>\n\t\t\t\t\t<\/div>\n\t\t\t\t\t\t\t<\/div>\n\t\t\t\t\t\t<\/div>\n\t\t\t\t\t\t<\/div>\n\t\t\t\t<\/div>\n\t\t\t\t<div class=\"elementor-element elementor-element-29d6856 elementor-widget__width-initial elementor-widget-tablet__width-initial elementor-widget-mobile__width-initial elementor-cta--skin-classic elementor-animated-content elementor-bg-transform elementor-bg-transform-zoom-in elementor-widget elementor-widget-call-to-action\" data-id=\"29d6856\" data-element_type=\"widget\" data-widget_type=\"call-to-action.default\">\n\t\t\t\t<div class=\"elementor-widget-container\">\n\t\t\t\t\t\t\t<div class=\"elementor-cta\">\n\t\t\t\t\t<div class=\"elementor-cta__bg-wrapper\">\n\t\t\t\t<div class=\"elementor-cta__bg elementor-bg\" style=\"background-image: url(https:\/\/capitolindustriesinc.com\/wp-content\/uploads\/2021\/02\/20210210_102516-1024x768.jpg);\" role=\"img\" aria-label=\"20210210_102516\"><\/div>\n\t\t\t\t<div class=\"elementor-cta__bg-overlay\"><\/div>\n\t\t\t<\/div>\n\t\t\t\t\t\t\t<div class=\"elementor-cta__content\">\n\t\t\t\t\n\t\t\t\t\t\t\t\t\t<h2 class=\"elementor-cta__title elementor-cta__content-item elementor-content-item\">\n\t\t\t\t\t\tAri Vineberg\t\t\t\t\t<\/h2>\n\t\t\t\t\n\t\t\t\t\t\t\t\t\t<div class=\"elementor-cta__description elementor-cta__content-item elementor-content-item\">\n\t\t\t\t\t\tVentes - Serrures Sp\u00e9ciales et Quincaillerie<br>1 514 273-0451, #396\t\t\t\t\t<\/div>\n\t\t\t\t\n\t\t\t\t\t\t\t\t\t<div class=\"elementor-cta__button-wrapper elementor-cta__content-item elementor-content-item \">\n\t\t\t\t\t<a class=\"elementor-cta__button elementor-button elementor-size-\" href=\"mailto:ari.vineberg@capitolindustriesinc.com\">\n\t\t\t\t\t\tari.vineberg@capitolindustriesinc.com\t\t\t\t\t<\/a>\n\t\t\t\t\t<\/div>\n\t\t\t\t\t\t\t<\/div>\n\t\t\t\t\t\t<\/div>\n\t\t\t\t\t\t<\/div>\n\t\t\t\t<\/div>\n\t\t\t\t<div class=\"elementor-element elementor-element-c2eb3b4 elementor-widget__width-initial elementor-widget-tablet__width-initial elementor-widget-mobile__width-initial elementor-cta--skin-classic elementor-animated-content elementor-bg-transform elementor-bg-transform-zoom-in elementor-widget elementor-widget-call-to-action\" data-id=\"c2eb3b4\" data-element_type=\"widget\" data-widget_type=\"call-to-action.default\">\n\t\t\t\t<div class=\"elementor-widget-container\">\n\t\t\t\t\t\t\t<div class=\"elementor-cta\">\n\t\t\t\t\t<div class=\"elementor-cta__bg-wrapper\">\n\t\t\t\t<div class=\"elementor-cta__bg elementor-bg\" style=\"background-image: url(https:\/\/capitolindustriesinc.com\/wp-content\/uploads\/2021\/02\/20210210_101702-1024x768.jpg);\" role=\"img\" aria-label=\"20210210_101702\"><\/div>\n\t\t\t\t<div class=\"elementor-cta__bg-overlay\"><\/div>\n\t\t\t<\/div>\n\t\t\t\t\t\t\t<div class=\"elementor-cta__content\">\n\t\t\t\t\n\t\t\t\t\t\t\t\t\t<h2 class=\"elementor-cta__title elementor-cta__content-item elementor-content-item\">\n\t\t\t\t\t\tTeresa Jones\t\t\t\t\t<\/h2>\n\t\t\t\t\n\t\t\t\t\t\t\t\t\t<div class=\"elementor-cta__description elementor-cta__content-item elementor-content-item\">\n\t\t\t\t\t\tService \u00e0 la client\u00e8le - Moulage sous pression<br>\n<br>1 514 273-0451, #219\t\t\t\t\t<\/div>\n\t\t\t\t\n\t\t\t\t\t\t\t\t\t<div class=\"elementor-cta__button-wrapper elementor-cta__content-item elementor-content-item \">\n\t\t\t\t\t<a class=\"elementor-cta__button elementor-button elementor-size-\" href=\"mailto:teresa.jones@capitolindustriesinc.com\">\n\t\t\t\t\t\tteresa.jones@capitolindustriesinc.com\t\t\t\t\t<\/a>\n\t\t\t\t\t<\/div>\n\t\t\t\t\t\t\t<\/div>\n\t\t\t\t\t\t<\/div>\n\t\t\t\t\t\t<\/div>\n\t\t\t\t<\/div>\n\t\t\t\t<div class=\"elementor-element elementor-element-77c2503 elementor-widget__width-initial elementor-widget-tablet__width-initial elementor-widget-mobile__width-initial elementor-cta--skin-classic elementor-animated-content elementor-bg-transform elementor-bg-transform-zoom-in elementor-widget elementor-widget-call-to-action\" data-id=\"77c2503\" data-element_type=\"widget\" data-widget_type=\"call-to-action.default\">\n\t\t\t\t<div class=\"elementor-widget-container\">\n\t\t\t\t\t\t\t<div class=\"elementor-cta\">\n\t\t\t\t\t<div class=\"elementor-cta__bg-wrapper\">\n\t\t\t\t<div class=\"elementor-cta__bg elementor-bg\" style=\"background-image: url(https:\/\/capitolindustriesinc.com\/wp-content\/uploads\/2021\/02\/20210210_102659-1024x768.jpg);\" role=\"img\" aria-label=\"20210210_102659\"><\/div>\n\t\t\t\t<div class=\"elementor-cta__bg-overlay\"><\/div>\n\t\t\t<\/div>\n\t\t\t\t\t\t\t<div class=\"elementor-cta__content\">\n\t\t\t\t\n\t\t\t\t\t\t\t\t\t<h2 class=\"elementor-cta__title elementor-cta__content-item elementor-content-item\">\n\t\t\t\t\t\tOmnia Boctor\t\t\t\t\t<\/h2>\n\t\t\t\t\n\t\t\t\t\t\t\t\t\t<div class=\"elementor-cta__description elementor-cta__content-item elementor-content-item\">\n\t\t\t\t\t\tService \u00e0 la client\u00e8le - Serrures sp\u00e9ciales<br>\n<br>1 514 273-0451, #245\t\t\t\t\t<\/div>\n\t\t\t\t\n\t\t\t\t\t\t\t\t\t<div class=\"elementor-cta__button-wrapper elementor-cta__content-item elementor-content-item \">\n\t\t\t\t\t<a class=\"elementor-cta__button elementor-button elementor-size-\" href=\"mailto:omnia.boctor@capitolindustriesinc.com\">\n\t\t\t\t\t\tomnia.boctor@capitolindustriesinc.com\t\t\t\t\t<\/a>\n\t\t\t\t\t<\/div>\n\t\t\t\t\t\t\t<\/div>\n\t\t\t\t\t\t<\/div>\n\t\t\t\t\t\t<\/div>\n\t\t\t\t<\/div>\n\t\t\t\t<div class=\"elementor-element elementor-element-3f75109 elementor-widget__width-initial elementor-widget-tablet__width-initial elementor-widget-mobile__width-initial elementor-cta--skin-classic elementor-animated-content elementor-bg-transform elementor-bg-transform-zoom-in elementor-widget elementor-widget-call-to-action\" data-id=\"3f75109\" data-element_type=\"widget\" data-widget_type=\"call-to-action.default\">\n\t\t\t\t<div class=\"elementor-widget-container\">\n\t\t\t\t\t\t\t<div class=\"elementor-cta\">\n\t\t\t\t\t<div class=\"elementor-cta__bg-wrapper\">\n\t\t\t\t<div class=\"elementor-cta__bg elementor-bg\" style=\"background-image: url(https:\/\/capitolindustriesinc.com\/wp-content\/uploads\/2021\/02\/20210210_101429-1024x768.jpg);\" role=\"img\" aria-label=\"20210210_101429\"><\/div>\n\t\t\t\t<div class=\"elementor-cta__bg-overlay\"><\/div>\n\t\t\t<\/div>\n\t\t\t\t\t\t\t<div class=\"elementor-cta__content\">\n\t\t\t\t\n\t\t\t\t\t\t\t\t\t<h2 class=\"elementor-cta__title elementor-cta__content-item elementor-content-item\">\n\t\t\t\t\t\tLinda Bergeron\t\t\t\t\t<\/h2>\n\t\t\t\t\n\t\t\t\t\t\t\t\t\t<div class=\"elementor-cta__description elementor-cta__content-item elementor-content-item\">\n\t\t\t\t\t\tComptabilit\u00e9<br>\n<br>1 514 273-0451, #214\t\t\t\t\t<\/div>\n\t\t\t\t\n\t\t\t\t\t\t\t\t\t<div class=\"elementor-cta__button-wrapper elementor-cta__content-item elementor-content-item \">\n\t\t\t\t\t<a class=\"elementor-cta__button elementor-button elementor-size-\" href=\"mailto:linda.bergeron@capitolindustriesinc.com\">\n\t\t\t\t\t\tlinda.bergeron@capitolindustriesinc.com\t\t\t\t\t<\/a>\n\t\t\t\t\t<\/div>\n\t\t\t\t\t\t\t<\/div>\n\t\t\t\t\t\t<\/div>\n\t\t\t\t\t\t<\/div>\n\t\t\t\t<\/div>\n\t\t\t\t\t<\/div>\n\t\t<\/div>\n\t\t\t\t\t<\/div>\n\t\t<\/section>\n\t\t\t\t<\/div>\n\t\t","protected":false},"excerpt":{"rendered":"<p>Hernan Ciecha Pr\u00e9sident 1 514 273-0451, #392 hernan.ciecha@capitolindustriesinc.com Paul Wong Ventes &#8211; Service aux Entreprises 1 514 273-0451, #337 paul.wong@capitolindustriesinc.com Ari Vineberg Ventes &#8211; Serrures Sp\u00e9ciales et Quincaillerie1 514 273-0451, #396 ari.vineberg@capitolindustriesinc.com Teresa Jones Service \u00e0 la client\u00e8le &#8211; Moulage sous pression 1 514 273-0451, #219 teresa.jones@capitolindustriesinc.com Omnia Boctor Service \u00e0 la client\u00e8le &#8211; Serrures [&hellip;]<\/p>\n","protected":false},"author":1,"featured_media":0,"parent":97,"menu_order":0,"comment_status":"closed","ping_status":"closed","template":"","meta":{"inline_featured_image":false,"footnotes":""},"class_list":["post-132","page","type-page","status-publish","hentry"],"yoast_head":"<!-- This site is optimized with the Yoast SEO plugin v25.6 - https:\/\/yoast.com\/wordpress\/plugins\/seo\/ -->\n<title>Notre \u00e9quipe - Capitol Industries<\/title>\n<meta name=\"description\" content=\"Hernan Ciecha Pr\u00e9sident 1 514 273-0451, #392 hernan.ciecha@capitolindustriesinc.com Paul Wong Ventes - Service aux Entreprises 1 514 273-0451, #337\" \/>\n<meta name=\"robots\" content=\"index, follow, max-snippet:-1, max-image-preview:large, max-video-preview:-1\" \/>\n<meta property=\"og:locale\" content=\"fr_CA\" \/>\n<meta property=\"og:type\" content=\"article\" \/>\n<meta property=\"og:title\" content=\"Notre \u00e9quipe - Capitol Industries\" \/>\n<meta property=\"og:description\" content=\"Hernan Ciecha Pr\u00e9sident 1 514 273-0451, #392 hernan.ciecha@capitolindustriesinc.com Paul Wong Ventes - Service aux Entreprises 1 514 273-0451, #337\" \/>\n<meta property=\"og:url\" content=\"https:\/\/capitolindustriesinc.com\/en\/about-us\/our-team\/\" \/>\n<meta property=\"og:site_name\" content=\"Capitol Industries\" \/>\n<meta property=\"article:modified_time\" content=\"2024-06-03T16:19:37+00:00\" \/>\n<meta name=\"twitter:card\" content=\"summary_large_image\" \/>\n<meta name=\"twitter:label1\" content=\"Estimation du temps de lecture\" \/>\n\t<meta name=\"twitter:data1\" content=\"1 minute\" \/>\n<script type=\"application\/ld+json\" class=\"yoast-schema-graph\">{\"@context\":\"https:\/\/schema.org\",\"@graph\":[{\"@type\":\"WebPage\",\"@id\":\"https:\/\/capitolindustriesinc.com\/en\/about-us\/our-team\/\",\"url\":\"https:\/\/capitolindustriesinc.com\/en\/about-us\/our-team\/\",\"name\":\"Notre \u00e9quipe - Capitol Industries\",\"isPartOf\":{\"@id\":\"https:\/\/capitolindustriesinc.com\/en\/#website\"},\"datePublished\":\"2019-08-21T17:12:08+00:00\",\"dateModified\":\"2024-06-03T16:19:37+00:00\",\"description\":\"Hernan Ciecha Pr\u00e9sident 1 514 273-0451, #392 hernan.ciecha@capitolindustriesinc.com Paul Wong Ventes - Service aux Entreprises 1 514 273-0451, #337\",\"breadcrumb\":{\"@id\":\"https:\/\/capitolindustriesinc.com\/en\/about-us\/our-team\/#breadcrumb\"},\"inLanguage\":\"fr-CA\",\"potentialAction\":[{\"@type\":\"ReadAction\",\"target\":[\"https:\/\/capitolindustriesinc.com\/en\/about-us\/our-team\/\"]}]},{\"@type\":\"BreadcrumbList\",\"@id\":\"https:\/\/capitolindustriesinc.com\/en\/about-us\/our-team\/#breadcrumb\",\"itemListElement\":[{\"@type\":\"ListItem\",\"position\":1,\"name\":\"Accueil\",\"item\":\"https:\/\/capitolindustriesinc.com\/fr\/\"},{\"@type\":\"ListItem\",\"position\":2,\"name\":\"\u00c0 propos\",\"item\":\"https:\/\/capitolindustriesinc.com\/fr\/a-propos\/\"},{\"@type\":\"ListItem\",\"position\":3,\"name\":\"Notre \u00e9quipe\"}]},{\"@type\":\"WebSite\",\"@id\":\"https:\/\/capitolindustriesinc.com\/en\/#website\",\"url\":\"https:\/\/capitolindustriesinc.com\/en\/\",\"name\":\"Capitol Industries\",\"description\":\"\",\"publisher\":{\"@id\":\"https:\/\/capitolindustriesinc.com\/en\/#organization\"},\"potentialAction\":[{\"@type\":\"SearchAction\",\"target\":{\"@type\":\"EntryPoint\",\"urlTemplate\":\"https:\/\/capitolindustriesinc.com\/en\/?s={search_term_string}\"},\"query-input\":{\"@type\":\"PropertyValueSpecification\",\"valueRequired\":true,\"valueName\":\"search_term_string\"}}],\"inLanguage\":\"fr-CA\"},{\"@type\":\"Organization\",\"@id\":\"https:\/\/capitolindustriesinc.com\/en\/#organization\",\"name\":\"Capitol Industries Inc.\",\"url\":\"https:\/\/capitolindustriesinc.com\/en\/\",\"logo\":{\"@type\":\"ImageObject\",\"inLanguage\":\"fr-CA\",\"@id\":\"https:\/\/capitolindustriesinc.com\/en\/#\/schema\/logo\/image\/\",\"url\":\"https:\/\/capitolindustriesinc.com\/wp-content\/uploads\/2019\/08\/Logo_capitol_industries_inc.svg\",\"contentUrl\":\"https:\/\/capitolindustriesinc.com\/wp-content\/uploads\/2019\/08\/Logo_capitol_industries_inc.svg\",\"width\":134.29,\"height\":47.71,\"caption\":\"Capitol Industries Inc.\"},\"image\":{\"@id\":\"https:\/\/capitolindustriesinc.com\/en\/#\/schema\/logo\/image\/\"}}]}<\/script>\n<!-- \/ Yoast SEO plugin. -->","yoast_head_json":{"title":"Notre \u00e9quipe - Capitol Industries","description":"Hernan Ciecha Pr\u00e9sident 1 514 273-0451, #392 hernan.ciecha@capitolindustriesinc.com Paul Wong Ventes - Service aux Entreprises 1 514 273-0451, #337","robots":{"index":"index","follow":"follow","max-snippet":"max-snippet:-1","max-image-preview":"max-image-preview:large","max-video-preview":"max-video-preview:-1"},"og_locale":"fr_CA","og_type":"article","og_title":"Notre \u00e9quipe - Capitol Industries","og_description":"Hernan Ciecha Pr\u00e9sident 1 514 273-0451, #392 hernan.ciecha@capitolindustriesinc.com Paul Wong Ventes - Service aux Entreprises 1 514 273-0451, #337","og_url":"https:\/\/capitolindustriesinc.com\/en\/about-us\/our-team\/","og_site_name":"Capitol Industries","article_modified_time":"2024-06-03T16:19:37+00:00","twitter_card":"summary_large_image","twitter_misc":{"Estimation du temps de lecture":"1 minute"},"schema":{"@context":"https:\/\/schema.org","@graph":[{"@type":"WebPage","@id":"https:\/\/capitolindustriesinc.com\/en\/about-us\/our-team\/","url":"https:\/\/capitolindustriesinc.com\/en\/about-us\/our-team\/","name":"Notre \u00e9quipe - Capitol Industries","isPartOf":{"@id":"https:\/\/capitolindustriesinc.com\/en\/#website"},"datePublished":"2019-08-21T17:12:08+00:00","dateModified":"2024-06-03T16:19:37+00:00","description":"Hernan Ciecha Pr\u00e9sident 1 514 273-0451, #392 hernan.ciecha@capitolindustriesinc.com Paul Wong Ventes - Service aux Entreprises 1 514 273-0451, #337","breadcrumb":{"@id":"https:\/\/capitolindustriesinc.com\/en\/about-us\/our-team\/#breadcrumb"},"inLanguage":"fr-CA","potentialAction":[{"@type":"ReadAction","target":["https:\/\/capitolindustriesinc.com\/en\/about-us\/our-team\/"]}]},{"@type":"BreadcrumbList","@id":"https:\/\/capitolindustriesinc.com\/en\/about-us\/our-team\/#breadcrumb","itemListElement":[{"@type":"ListItem","position":1,"name":"Accueil","item":"https:\/\/capitolindustriesinc.com\/fr\/"},{"@type":"ListItem","position":2,"name":"\u00c0 propos","item":"https:\/\/capitolindustriesinc.com\/fr\/a-propos\/"},{"@type":"ListItem","position":3,"name":"Notre \u00e9quipe"}]},{"@type":"WebSite","@id":"https:\/\/capitolindustriesinc.com\/en\/#website","url":"https:\/\/capitolindustriesinc.com\/en\/","name":"Capitol Industries","description":"","publisher":{"@id":"https:\/\/capitolindustriesinc.com\/en\/#organization"},"potentialAction":[{"@type":"SearchAction","target":{"@type":"EntryPoint","urlTemplate":"https:\/\/capitolindustriesinc.com\/en\/?s={search_term_string}"},"query-input":{"@type":"PropertyValueSpecification","valueRequired":true,"valueName":"search_term_string"}}],"inLanguage":"fr-CA"},{"@type":"Organization","@id":"https:\/\/capitolindustriesinc.com\/en\/#organization","name":"Capitol Industries Inc.","url":"https:\/\/capitolindustriesinc.com\/en\/","logo":{"@type":"ImageObject","inLanguage":"fr-CA","@id":"https:\/\/capitolindustriesinc.com\/en\/#\/schema\/logo\/image\/","url":"https:\/\/capitolindustriesinc.com\/wp-content\/uploads\/2019\/08\/Logo_capitol_industries_inc.svg","contentUrl":"https:\/\/capitolindustriesinc.com\/wp-content\/uploads\/2019\/08\/Logo_capitol_industries_inc.svg","width":134.29,"height":47.71,"caption":"Capitol Industries Inc."},"image":{"@id":"https:\/\/capitolindustriesinc.com\/en\/#\/schema\/logo\/image\/"}}]}},"_links":{"self":[{"href":"https:\/\/capitolindustriesinc.com\/fr\/wp-json\/wp\/v2\/pages\/132"}],"collection":[{"href":"https:\/\/capitolindustriesinc.com\/fr\/wp-json\/wp\/v2\/pages"}],"about":[{"href":"https:\/\/capitolindustriesinc.com\/fr\/wp-json\/wp\/v2\/types\/page"}],"author":[{"embeddable":true,"href":"https:\/\/capitolindustriesinc.com\/fr\/wp-json\/wp\/v2\/users\/1"}],"replies":[{"embeddable":true,"href":"https:\/\/capitolindustriesinc.com\/fr\/wp-json\/wp\/v2\/comments?post=132"}],"version-history":[{"count":6,"href":"https:\/\/capitolindustriesinc.com\/fr\/wp-json\/wp\/v2\/pages\/132\/revisions"}],"predecessor-version":[{"id":4430,"href":"https:\/\/capitolindustriesinc.com\/fr\/wp-json\/wp\/v2\/pages\/132\/revisions\/4430"}],"up":[{"embeddable":true,"href":"https:\/\/capitolindustriesinc.com\/fr\/wp-json\/wp\/v2\/pages\/97"}],"wp:attachment":[{"href":"https:\/\/capitolindustriesinc.com\/fr\/wp-json\/wp\/v2\/media?parent=132"}],"curies":[{"name":"wp","href":"https:\/\/api.w.org\/{rel}","templated":true}]}}