{"id":134,"date":"2019-08-21T17:12:16","date_gmt":"2019-08-21T17:12:16","guid":{"rendered":"https:\/\/cap20794.activis.ca\/?page_id=134"},"modified":"2025-11-17T13:06:17","modified_gmt":"2025-11-17T18:06:17","slug":"controle-de-qualite","status":"publish","type":"page","link":"https:\/\/capitolindustriesinc.com\/fr\/a-propos\/controle-de-qualite\/","title":{"rendered":"Contr\u00f4le de qualit\u00e9"},"content":{"rendered":"\t\t<div data-elementor-type=\"wp-page\" data-elementor-id=\"134\" class=\"elementor elementor-134\" data-elementor-post-type=\"page\">\n\t\t\t\t\t\t<section class=\"elementor-section elementor-top-section elementor-element elementor-element-cb19986 elementor-section-boxed elementor-section-height-default elementor-section-height-default\" data-id=\"cb19986\" data-element_type=\"section\" data-settings=\"{&quot;jet_parallax_layout_list&quot;:[{&quot;jet_parallax_layout_image&quot;:{&quot;url&quot;:&quot;&quot;,&quot;id&quot;:&quot;&quot;,&quot;size&quot;:&quot;&quot;},&quot;_id&quot;:&quot;e2ba10d&quot;,&quot;jet_parallax_layout_image_tablet&quot;:{&quot;url&quot;:&quot;&quot;,&quot;id&quot;:&quot;&quot;,&quot;size&quot;:&quot;&quot;},&quot;jet_parallax_layout_image_mobile&quot;:{&quot;url&quot;:&quot;&quot;,&quot;id&quot;:&quot;&quot;,&quot;size&quot;:&quot;&quot;},&quot;jet_parallax_layout_speed&quot;:{&quot;unit&quot;:&quot;%&quot;,&quot;size&quot;:50,&quot;sizes&quot;:[]},&quot;jet_parallax_layout_type&quot;:&quot;scroll&quot;,&quot;jet_parallax_layout_direction&quot;:null,&quot;jet_parallax_layout_fx_direction&quot;:null,&quot;jet_parallax_layout_z_index&quot;:&quot;&quot;,&quot;jet_parallax_layout_bg_x&quot;:50,&quot;jet_parallax_layout_bg_x_tablet&quot;:&quot;&quot;,&quot;jet_parallax_layout_bg_x_mobile&quot;:&quot;&quot;,&quot;jet_parallax_layout_bg_y&quot;:50,&quot;jet_parallax_layout_bg_y_tablet&quot;:&quot;&quot;,&quot;jet_parallax_layout_bg_y_mobile&quot;:&quot;&quot;,&quot;jet_parallax_layout_bg_size&quot;:&quot;auto&quot;,&quot;jet_parallax_layout_bg_size_tablet&quot;:&quot;&quot;,&quot;jet_parallax_layout_bg_size_mobile&quot;:&quot;&quot;,&quot;jet_parallax_layout_animation_prop&quot;:&quot;transform&quot;,&quot;jet_parallax_layout_on&quot;:[&quot;desktop&quot;,&quot;tablet&quot;]}]}\">\n\t\t\t\t\t\t<div class=\"elementor-container elementor-column-gap-default\">\n\t\t\t\t\t<div class=\"elementor-column elementor-col-50 elementor-top-column elementor-element elementor-element-7d0abff\" data-id=\"7d0abff\" data-element_type=\"column\">\n\t\t\t<div class=\"elementor-widget-wrap elementor-element-populated\">\n\t\t\t\t\t\t<div class=\"elementor-element elementor-element-2c14893 elementor-widget elementor-widget-heading\" data-id=\"2c14893\" data-element_type=\"widget\" data-widget_type=\"heading.default\">\n\t\t\t\t<div class=\"elementor-widget-container\">\n\t\t\t\t\t<h2 class=\"elementor-heading-title elementor-size-default\">Centr\u00e9e sur le client<\/h2>\t\t\t\t<\/div>\n\t\t\t\t<\/div>\n\t\t\t\t<div class=\"elementor-element elementor-element-1268f48 elementor-widget elementor-widget-text-editor\" data-id=\"1268f48\" data-element_type=\"widget\" data-widget_type=\"text-editor.default\">\n\t\t\t\t<div class=\"elementor-widget-container\">\n\t\t\t\t\t\t\t\t\t<p>Les Industries Capitol est une organisation centr\u00e9e sur le client d\u00e9di\u00e9e \u00e0 la recherche de nouvelles approches pour fournir des solutions innovatrices \u00e0 des tarifs comp\u00e9titifs. Dans notre effort continu pour fournir des produits finis de la plus haute qualit\u00e9, notre \u00e9quipe d\u2019assurance qualit\u00e9 supervise avec rigueur et surveille tous les aspects de nos processus de fabrication pour garantir des r\u00e9sultats de contr\u00f4le de qualit\u00e9 optimale dans toutes les proc\u00e9dures primaires et secondaires jusqu\u2019\u00e0 la livraison \u00e0 nos clients.<\/p><p><span style=\"color: var( --e-global-color-text ); font-family: var( --e-global-typography-text-font-family ), Sans-serif; font-weight: var( --e-global-typography-text-font-weight );\">Notre \u00e9tablissement est certifi\u00e9 ISO 9001:2015 et r\u00e9gi par un ensemble de proc\u00e9dures de contr\u00f4le syst\u00e9matique toutes les proc\u00e9dures cl\u00e9s de notre entreprise.<\/span><\/p><p>Nos produits et processus sont conformes \u00e0:<\/p><ul><li>RoHS<\/li><li>Proposition 65<\/li><li>ISO 9001-2015<\/li><\/ul>\t\t\t\t\t\t\t\t<\/div>\n\t\t\t\t<\/div>\n\t\t\t\t\t<\/div>\n\t\t<\/div>\n\t\t\t\t<div class=\"elementor-column elementor-col-50 elementor-top-column elementor-element elementor-element-851c817\" data-id=\"851c817\" data-element_type=\"column\">\n\t\t\t<div class=\"elementor-widget-wrap elementor-element-populated\">\n\t\t\t\t\t\t<div class=\"elementor-element elementor-element-408efda elementor-widget elementor-widget-image\" data-id=\"408efda\" data-element_type=\"widget\" data-widget_type=\"image.default\">\n\t\t\t\t<div class=\"elementor-widget-container\">\n\t\t\t\t\t\t\t\t\t\t\t\t\t\t\t<img fetchpriority=\"high\" decoding=\"async\" width=\"800\" height=\"500\" src=\"https:\/\/capitolindustriesinc.com\/wp-content\/uploads\/2020\/01\/20191128_120410.jpg\" class=\"attachment-full size-full wp-image-1457\" alt=\"\" srcset=\"https:\/\/capitolindustriesinc.com\/wp-content\/uploads\/2020\/01\/20191128_120410.jpg 800w, https:\/\/capitolindustriesinc.com\/wp-content\/uploads\/2020\/01\/20191128_120410-300x188.jpg 300w, https:\/\/capitolindustriesinc.com\/wp-content\/uploads\/2020\/01\/20191128_120410-768x480.jpg 768w, https:\/\/capitolindustriesinc.com\/wp-content\/uploads\/2020\/01\/20191128_120410-150x94.jpg 150w\" sizes=\"(max-width: 800px) 100vw, 800px\" \/>\t\t\t\t\t\t\t\t\t\t\t\t\t\t\t<\/div>\n\t\t\t\t<\/div>\n\t\t\t\t\t<\/div>\n\t\t<\/div>\n\t\t\t\t\t<\/div>\n\t\t<\/section>\n\t\t\t\t<section class=\"elementor-section elementor-top-section elementor-element elementor-element-956e7ba elementor-section-stretched elementor-section-boxed elementor-section-height-default elementor-section-height-default\" data-id=\"956e7ba\" data-element_type=\"section\" data-settings=\"{&quot;stretch_section&quot;:&quot;section-stretched&quot;,&quot;jet_parallax_layout_list&quot;:[{&quot;jet_parallax_layout_image&quot;:{&quot;url&quot;:&quot;&quot;,&quot;id&quot;:&quot;&quot;,&quot;size&quot;:&quot;&quot;},&quot;_id&quot;:&quot;aafeb16&quot;,&quot;jet_parallax_layout_image_tablet&quot;:{&quot;url&quot;:&quot;&quot;,&quot;id&quot;:&quot;&quot;,&quot;size&quot;:&quot;&quot;},&quot;jet_parallax_layout_image_mobile&quot;:{&quot;url&quot;:&quot;&quot;,&quot;id&quot;:&quot;&quot;,&quot;size&quot;:&quot;&quot;},&quot;jet_parallax_layout_speed&quot;:{&quot;unit&quot;:&quot;%&quot;,&quot;size&quot;:50,&quot;sizes&quot;:[]},&quot;jet_parallax_layout_type&quot;:&quot;scroll&quot;,&quot;jet_parallax_layout_direction&quot;:null,&quot;jet_parallax_layout_fx_direction&quot;:null,&quot;jet_parallax_layout_z_index&quot;:&quot;&quot;,&quot;jet_parallax_layout_bg_x&quot;:50,&quot;jet_parallax_layout_bg_x_tablet&quot;:&quot;&quot;,&quot;jet_parallax_layout_bg_x_mobile&quot;:&quot;&quot;,&quot;jet_parallax_layout_bg_y&quot;:50,&quot;jet_parallax_layout_bg_y_tablet&quot;:&quot;&quot;,&quot;jet_parallax_layout_bg_y_mobile&quot;:&quot;&quot;,&quot;jet_parallax_layout_bg_size&quot;:&quot;auto&quot;,&quot;jet_parallax_layout_bg_size_tablet&quot;:&quot;&quot;,&quot;jet_parallax_layout_bg_size_mobile&quot;:&quot;&quot;,&quot;jet_parallax_layout_animation_prop&quot;:&quot;transform&quot;,&quot;jet_parallax_layout_on&quot;:[&quot;desktop&quot;,&quot;tablet&quot;]}],&quot;background_background&quot;:&quot;classic&quot;}\">\n\t\t\t\t\t\t<div class=\"elementor-container elementor-column-gap-default\">\n\t\t\t\t\t<div class=\"elementor-column elementor-col-100 elementor-top-column elementor-element elementor-element-a5fd646\" data-id=\"a5fd646\" data-element_type=\"column\">\n\t\t\t<div class=\"elementor-widget-wrap elementor-element-populated\">\n\t\t\t\t\t\t<div class=\"elementor-element elementor-element-23ff910 elementor-widget elementor-widget-heading\" data-id=\"23ff910\" data-element_type=\"widget\" data-widget_type=\"heading.default\">\n\t\t\t\t<div class=\"elementor-widget-container\">\n\t\t\t\t\t<h2 class=\"elementor-heading-title elementor-size-default\">Notre politique de qualit\u00e9<\/h2>\t\t\t\t<\/div>\n\t\t\t\t<\/div>\n\t\t\t\t<div class=\"elementor-element elementor-element-6c64b2b elementor-widget elementor-widget-text-editor\" data-id=\"6c64b2b\" data-element_type=\"widget\" data-widget_type=\"text-editor.default\">\n\t\t\t\t<div class=\"elementor-widget-container\">\n\t\t\t\t\t\t\t\t\t<p>\u00ab Nous allons continuellement am\u00e9liorer nos processus afin de satisfaire les attentes de nos clients, de nos employ\u00e9s et de notre entreprise, ainsi que toutes les exigences applicables \u00bb<\/p>\t\t\t\t\t\t\t\t<\/div>\n\t\t\t\t<\/div>\n\t\t\t\t\t<\/div>\n\t\t<\/div>\n\t\t\t\t\t<\/div>\n\t\t<\/section>\n\t\t\t\t<\/div>\n\t\t","protected":false},"excerpt":{"rendered":"<p>Centr\u00e9e sur le client Les Industries Capitol est une organisation centr\u00e9e sur le client d\u00e9di\u00e9e \u00e0 la recherche de nouvelles approches pour fournir des solutions innovatrices \u00e0 des tarifs comp\u00e9titifs. Dans notre effort continu pour fournir des produits finis de la plus haute qualit\u00e9, notre \u00e9quipe d\u2019assurance qualit\u00e9 supervise avec rigueur et surveille tous les [&hellip;]<\/p>\n","protected":false},"author":1,"featured_media":0,"parent":97,"menu_order":0,"comment_status":"closed","ping_status":"closed","template":"","meta":{"inline_featured_image":false,"footnotes":""},"class_list":["post-134","page","type-page","status-publish","hentry"],"yoast_head":"<!-- This site is optimized with the Yoast SEO plugin v25.6 - https:\/\/yoast.com\/wordpress\/plugins\/seo\/ -->\n<title>Contr\u00f4le de qualit\u00e9 - Capitol Industries<\/title>\n<meta name=\"description\" content=\"Centr\u00e9e sur le client Les Industries Capitol est une organisation centr\u00e9e sur le client d\u00e9di\u00e9e \u00e0 la recherche de nouvelles approches pour fournir des\" \/>\n<meta name=\"robots\" content=\"index, follow, max-snippet:-1, max-image-preview:large, max-video-preview:-1\" \/>\n<meta property=\"og:locale\" content=\"fr_CA\" \/>\n<meta property=\"og:type\" content=\"article\" \/>\n<meta property=\"og:title\" content=\"Contr\u00f4le de qualit\u00e9 - Capitol Industries\" \/>\n<meta property=\"og:description\" content=\"Centr\u00e9e sur le client Les Industries Capitol est une organisation centr\u00e9e sur le client d\u00e9di\u00e9e \u00e0 la recherche de nouvelles approches pour fournir des\" \/>\n<meta property=\"og:url\" content=\"https:\/\/capitolindustriesinc.com\/fr\/a-propos\/controle-de-qualite\/\" \/>\n<meta property=\"og:site_name\" content=\"Capitol Industries\" \/>\n<meta property=\"article:modified_time\" content=\"2025-11-17T18:06:17+00:00\" \/>\n<meta property=\"og:image\" content=\"https:\/\/capitolindustriesinc.com\/wp-content\/uploads\/2020\/01\/20191128_120410.jpg\" \/>\n\t<meta property=\"og:image:width\" content=\"800\" \/>\n\t<meta property=\"og:image:height\" content=\"500\" \/>\n\t<meta property=\"og:image:type\" content=\"image\/jpeg\" \/>\n<meta name=\"twitter:card\" content=\"summary_large_image\" \/>\n<meta name=\"twitter:label1\" content=\"Estimation du temps de lecture\" \/>\n\t<meta name=\"twitter:data1\" content=\"1 minute\" \/>\n<script type=\"application\/ld+json\" class=\"yoast-schema-graph\">{\"@context\":\"https:\/\/schema.org\",\"@graph\":[{\"@type\":\"WebPage\",\"@id\":\"https:\/\/capitolindustriesinc.com\/fr\/a-propos\/controle-de-qualite\/\",\"url\":\"https:\/\/capitolindustriesinc.com\/fr\/a-propos\/controle-de-qualite\/\",\"name\":\"Contr\u00f4le de qualit\u00e9 - Capitol Industries\",\"isPartOf\":{\"@id\":\"https:\/\/capitolindustriesinc.com\/en\/#website\"},\"primaryImageOfPage\":{\"@id\":\"https:\/\/capitolindustriesinc.com\/fr\/a-propos\/controle-de-qualite\/#primaryimage\"},\"image\":{\"@id\":\"https:\/\/capitolindustriesinc.com\/fr\/a-propos\/controle-de-qualite\/#primaryimage\"},\"thumbnailUrl\":\"https:\/\/capitolindustriesinc.com\/wp-content\/uploads\/2020\/01\/20191128_120410.jpg\",\"datePublished\":\"2019-08-21T17:12:16+00:00\",\"dateModified\":\"2025-11-17T18:06:17+00:00\",\"description\":\"Centr\u00e9e sur le client Les Industries Capitol est une organisation centr\u00e9e sur le client d\u00e9di\u00e9e \u00e0 la recherche de nouvelles approches pour fournir des\",\"breadcrumb\":{\"@id\":\"https:\/\/capitolindustriesinc.com\/fr\/a-propos\/controle-de-qualite\/#breadcrumb\"},\"inLanguage\":\"fr-CA\",\"potentialAction\":[{\"@type\":\"ReadAction\",\"target\":[\"https:\/\/capitolindustriesinc.com\/fr\/a-propos\/controle-de-qualite\/\"]}]},{\"@type\":\"ImageObject\",\"inLanguage\":\"fr-CA\",\"@id\":\"https:\/\/capitolindustriesinc.com\/fr\/a-propos\/controle-de-qualite\/#primaryimage\",\"url\":\"https:\/\/capitolindustriesinc.com\/wp-content\/uploads\/2020\/01\/20191128_120410.jpg\",\"contentUrl\":\"https:\/\/capitolindustriesinc.com\/wp-content\/uploads\/2020\/01\/20191128_120410.jpg\"},{\"@type\":\"BreadcrumbList\",\"@id\":\"https:\/\/capitolindustriesinc.com\/fr\/a-propos\/controle-de-qualite\/#breadcrumb\",\"itemListElement\":[{\"@type\":\"ListItem\",\"position\":1,\"name\":\"Accueil\",\"item\":\"https:\/\/capitolindustriesinc.com\/fr\/\"},{\"@type\":\"ListItem\",\"position\":2,\"name\":\"\u00c0 propos\",\"item\":\"https:\/\/capitolindustriesinc.com\/fr\/a-propos\/\"},{\"@type\":\"ListItem\",\"position\":3,\"name\":\"Contr\u00f4le de qualit\u00e9\"}]},{\"@type\":\"WebSite\",\"@id\":\"https:\/\/capitolindustriesinc.com\/en\/#website\",\"url\":\"https:\/\/capitolindustriesinc.com\/en\/\",\"name\":\"Capitol Industries\",\"description\":\"\",\"publisher\":{\"@id\":\"https:\/\/capitolindustriesinc.com\/en\/#organization\"},\"potentialAction\":[{\"@type\":\"SearchAction\",\"target\":{\"@type\":\"EntryPoint\",\"urlTemplate\":\"https:\/\/capitolindustriesinc.com\/en\/?s={search_term_string}\"},\"query-input\":{\"@type\":\"PropertyValueSpecification\",\"valueRequired\":true,\"valueName\":\"search_term_string\"}}],\"inLanguage\":\"fr-CA\"},{\"@type\":\"Organization\",\"@id\":\"https:\/\/capitolindustriesinc.com\/en\/#organization\",\"name\":\"Capitol Industries Inc.\",\"url\":\"https:\/\/capitolindustriesinc.com\/en\/\",\"logo\":{\"@type\":\"ImageObject\",\"inLanguage\":\"fr-CA\",\"@id\":\"https:\/\/capitolindustriesinc.com\/en\/#\/schema\/logo\/image\/\",\"url\":\"https:\/\/capitolindustriesinc.com\/wp-content\/uploads\/2019\/08\/Logo_capitol_industries_inc.svg\",\"contentUrl\":\"https:\/\/capitolindustriesinc.com\/wp-content\/uploads\/2019\/08\/Logo_capitol_industries_inc.svg\",\"width\":134.29,\"height\":47.71,\"caption\":\"Capitol Industries Inc.\"},\"image\":{\"@id\":\"https:\/\/capitolindustriesinc.com\/en\/#\/schema\/logo\/image\/\"}}]}<\/script>\n<!-- \/ Yoast SEO plugin. -->","yoast_head_json":{"title":"Contr\u00f4le de qualit\u00e9 - Capitol Industries","description":"Centr\u00e9e sur le client Les Industries Capitol est une organisation centr\u00e9e sur le client d\u00e9di\u00e9e \u00e0 la recherche de nouvelles approches pour fournir des","robots":{"index":"index","follow":"follow","max-snippet":"max-snippet:-1","max-image-preview":"max-image-preview:large","max-video-preview":"max-video-preview:-1"},"og_locale":"fr_CA","og_type":"article","og_title":"Contr\u00f4le de qualit\u00e9 - Capitol Industries","og_description":"Centr\u00e9e sur le client Les Industries Capitol est une organisation centr\u00e9e sur le client d\u00e9di\u00e9e \u00e0 la recherche de nouvelles approches pour fournir des","og_url":"https:\/\/capitolindustriesinc.com\/fr\/a-propos\/controle-de-qualite\/","og_site_name":"Capitol Industries","article_modified_time":"2025-11-17T18:06:17+00:00","og_image":[{"width":800,"height":500,"url":"https:\/\/capitolindustriesinc.com\/wp-content\/uploads\/2020\/01\/20191128_120410.jpg","type":"image\/jpeg"}],"twitter_card":"summary_large_image","twitter_misc":{"Estimation du temps de lecture":"1 minute"},"schema":{"@context":"https:\/\/schema.org","@graph":[{"@type":"WebPage","@id":"https:\/\/capitolindustriesinc.com\/fr\/a-propos\/controle-de-qualite\/","url":"https:\/\/capitolindustriesinc.com\/fr\/a-propos\/controle-de-qualite\/","name":"Contr\u00f4le de qualit\u00e9 - Capitol Industries","isPartOf":{"@id":"https:\/\/capitolindustriesinc.com\/en\/#website"},"primaryImageOfPage":{"@id":"https:\/\/capitolindustriesinc.com\/fr\/a-propos\/controle-de-qualite\/#primaryimage"},"image":{"@id":"https:\/\/capitolindustriesinc.com\/fr\/a-propos\/controle-de-qualite\/#primaryimage"},"thumbnailUrl":"https:\/\/capitolindustriesinc.com\/wp-content\/uploads\/2020\/01\/20191128_120410.jpg","datePublished":"2019-08-21T17:12:16+00:00","dateModified":"2025-11-17T18:06:17+00:00","description":"Centr\u00e9e sur le client Les Industries Capitol est une organisation centr\u00e9e sur le client d\u00e9di\u00e9e \u00e0 la recherche de nouvelles approches pour fournir des","breadcrumb":{"@id":"https:\/\/capitolindustriesinc.com\/fr\/a-propos\/controle-de-qualite\/#breadcrumb"},"inLanguage":"fr-CA","potentialAction":[{"@type":"ReadAction","target":["https:\/\/capitolindustriesinc.com\/fr\/a-propos\/controle-de-qualite\/"]}]},{"@type":"ImageObject","inLanguage":"fr-CA","@id":"https:\/\/capitolindustriesinc.com\/fr\/a-propos\/controle-de-qualite\/#primaryimage","url":"https:\/\/capitolindustriesinc.com\/wp-content\/uploads\/2020\/01\/20191128_120410.jpg","contentUrl":"https:\/\/capitolindustriesinc.com\/wp-content\/uploads\/2020\/01\/20191128_120410.jpg"},{"@type":"BreadcrumbList","@id":"https:\/\/capitolindustriesinc.com\/fr\/a-propos\/controle-de-qualite\/#breadcrumb","itemListElement":[{"@type":"ListItem","position":1,"name":"Accueil","item":"https:\/\/capitolindustriesinc.com\/fr\/"},{"@type":"ListItem","position":2,"name":"\u00c0 propos","item":"https:\/\/capitolindustriesinc.com\/fr\/a-propos\/"},{"@type":"ListItem","position":3,"name":"Contr\u00f4le de qualit\u00e9"}]},{"@type":"WebSite","@id":"https:\/\/capitolindustriesinc.com\/en\/#website","url":"https:\/\/capitolindustriesinc.com\/en\/","name":"Capitol Industries","description":"","publisher":{"@id":"https:\/\/capitolindustriesinc.com\/en\/#organization"},"potentialAction":[{"@type":"SearchAction","target":{"@type":"EntryPoint","urlTemplate":"https:\/\/capitolindustriesinc.com\/en\/?s={search_term_string}"},"query-input":{"@type":"PropertyValueSpecification","valueRequired":true,"valueName":"search_term_string"}}],"inLanguage":"fr-CA"},{"@type":"Organization","@id":"https:\/\/capitolindustriesinc.com\/en\/#organization","name":"Capitol Industries Inc.","url":"https:\/\/capitolindustriesinc.com\/en\/","logo":{"@type":"ImageObject","inLanguage":"fr-CA","@id":"https:\/\/capitolindustriesinc.com\/en\/#\/schema\/logo\/image\/","url":"https:\/\/capitolindustriesinc.com\/wp-content\/uploads\/2019\/08\/Logo_capitol_industries_inc.svg","contentUrl":"https:\/\/capitolindustriesinc.com\/wp-content\/uploads\/2019\/08\/Logo_capitol_industries_inc.svg","width":134.29,"height":47.71,"caption":"Capitol Industries Inc."},"image":{"@id":"https:\/\/capitolindustriesinc.com\/en\/#\/schema\/logo\/image\/"}}]}},"_links":{"self":[{"href":"https:\/\/capitolindustriesinc.com\/fr\/wp-json\/wp\/v2\/pages\/134"}],"collection":[{"href":"https:\/\/capitolindustriesinc.com\/fr\/wp-json\/wp\/v2\/pages"}],"about":[{"href":"https:\/\/capitolindustriesinc.com\/fr\/wp-json\/wp\/v2\/types\/page"}],"author":[{"embeddable":true,"href":"https:\/\/capitolindustriesinc.com\/fr\/wp-json\/wp\/v2\/users\/1"}],"replies":[{"embeddable":true,"href":"https:\/\/capitolindustriesinc.com\/fr\/wp-json\/wp\/v2\/comments?post=134"}],"version-history":[{"count":3,"href":"https:\/\/capitolindustriesinc.com\/fr\/wp-json\/wp\/v2\/pages\/134\/revisions"}],"predecessor-version":[{"id":4602,"href":"https:\/\/capitolindustriesinc.com\/fr\/wp-json\/wp\/v2\/pages\/134\/revisions\/4602"}],"up":[{"embeddable":true,"href":"https:\/\/capitolindustriesinc.com\/fr\/wp-json\/wp\/v2\/pages\/97"}],"wp:attachment":[{"href":"https:\/\/capitolindustriesinc.com\/fr\/wp-json\/wp\/v2\/media?parent=134"}],"curies":[{"name":"wp","href":"https:\/\/api.w.org\/{rel}","templated":true}]}}