{"id":7,"date":"2019-08-14T17:48:59","date_gmt":"2019-08-14T17:48:59","guid":{"rendered":"https:\/\/cap20794.activis.ca\/?page_id=7"},"modified":"2025-10-29T17:13:36","modified_gmt":"2025-10-29T21:13:36","slug":"accueil","status":"publish","type":"page","link":"https:\/\/capitolindustriesinc.com\/fr\/","title":{"rendered":"Accueil"},"content":{"rendered":"<p><a href=\"https:\/\/capitolindustriesinc.com\/fr\/produit\/\"><\/p>\n<h2>\n\t\t\t\t\t\tSerrures\t\t\t\t\t<\/h2>\n<p>\t\t\t\t\t\tCapitol est manufacturier nord-am\u00e9ricain de serrures \u00e0 came et autres. Visitez notre catalogue en ligne ou demandez-nous des solutions sur mesure pour vous.<br \/>\n\t\t\t\t\t\t<\/a><br \/>\n\t\t\t\t\t\t\t<a href=\"https:\/\/capitolindustriesinc.com\/moulage-sous-pression\/\"><\/p>\n<h2>\n\t\t\t\t\t\tMoulage\t\t\t\t\t<\/h2>\n<p>\t\t\t\t\t\tCapitol est l&#8217;un des plus gros consommateurs d&#8217;alliage de zinc au Canada, <b>produisant des millions de pi\u00e8ces tous les mois<\/b>.<br \/>\n\t\t\t\t\t\t<\/a><\/p>\n<figure><img decoding=\"async\" src=\"https:\/\/capitolindustriesinc.com\/wp-content\/uploads\/elementor\/thumbs\/product_slider_0002_20170929_103025-e1509463550841-p3ccpif6412k3bzfeyeol04d8y15y30k83u32mwa8g.png\" alt=\"product_slider_0002_20170929_103025-e1509463550841\" \/><\/figure>\n<figure><img decoding=\"async\" src=\"https:\/\/capitolindustriesinc.com\/wp-content\/uploads\/elementor\/thumbs\/product_slider_0003_35800-Recovered-p3ccpqvptje4ztn51k2bpfzilevgvcy599pge4jqog.png\" alt=\"product_slider_0003_35800-Recovered\" \/><\/figure>\n<figure><img decoding=\"async\" src=\"https:\/\/capitolindustriesinc.com\/wp-content\/uploads\/elementor\/thumbs\/product_slider_0000_4096-No-Key-e1473450026243-p3ccpsre77gpn1keqkvkufifs6m7ar5lxj0fcogyc0.png\" alt=\"product_slider_0000_4096-No-Key-e1473450026243\" \/><\/figure>\n<figure><img decoding=\"async\" src=\"https:\/\/capitolindustriesinc.com\/wp-content\/uploads\/elementor\/thumbs\/970-353-11-p3cct7w92i59vyljrk3pf2ftlnrab3qg2gh17xedow.png\" alt=\"970-353-11\" \/><\/figure>\n<figure><img decoding=\"async\" src=\"https:\/\/capitolindustriesinc.com\/wp-content\/uploads\/elementor\/thumbs\/984-03-11-p3ccteh4ecea58bzp4y3eis1rcuuszgkfd1fkv4mhc.png\" alt=\"984-03-11\" \/><\/figure>\n<figure><img decoding=\"async\" src=\"https:\/\/capitolindustriesinc.com\/wp-content\/uploads\/elementor\/thumbs\/85800-p3cctdja7icztmdcumjgu10l5yzhlacu38dy3l60nk.png\" alt=\"Serrure \u00e0 came magn\u00e9tique\" \/><\/figure>\n<h2>Une envergure internationale<\/h2>\n<p>Plus de 60 ans d\u2019exp\u00e9rience dans le secteur de moulage sous pression et fabrication de serrures.<\/p>\n<h3>Court d\u00e9lais<br \/>de fabrication<\/h3>\n<p>\t\tGr\u00e2ce \u00e0 notre approche \u00ab lean \u00bb en fabrication, notre d\u00e9lai de production sur la plupart des commandes est de 1 \u00e0 2 semaine, ce qui rend de la flexibilit\u00e9 \u00e0 nos clients.\t\t<\/p>\n<h3>Prix<br \/>concurrentiel <\/h3>\n<p>\t\tGr\u00e2ce \u00e0 une am\u00e9lioration continue et \u00e0 de nouveaux ajouts \u00e0 notre \u00e9quipement de production, nous avons maintenu nos activit\u00e9s de fabrication en Am\u00e9rique du Nord et restons concurrentiels par rapport aux produits import\u00e9s.\t\t<\/p>\n<h3>Meilleur service<br \/>\u00e0 la client\u00e8le<\/h3>\n<p>\t\tAvec nos bureaux \u00e0 Montr\u00e9al, Canada, les d\u00e9lais et les co\u00fbts d\u2019exp\u00e9dition sont r\u00e9duits au minimum. Et notre personnel est disponible dans plusieurs langues, au moment o\u00f9 vous en avez besoin.<br \/>\n\t\t\t\t\t<a href=\"https:\/\/capitolindustriesinc.com\/wp-content\/uploads\/2021\/02\/Catalogue-Serrures-Spe\u0301ciales-et-Serrures-a\u0300-Came-2010-Franc\u0327ais.pdf\"><br \/>\n\t\t\t\t\t\t\t\t\tCatalogue en ligne<br \/>\n\t\t\t\t\t<\/a><br \/>\n\t\t\t\t\t<a href=\"https:\/\/capitolindustriesinc.com\/moulage-sous-pression\/\"><br \/>\n\t\t\t\t\t\t\t\t\tMoulage sous pression<br \/>\n\t\t\t\t\t<\/a><\/p>\n<h1>Op\u00e9ration enti\u00e8rement int\u00e9gr\u00e9e<\/h1>\n<p>\t\tNotre usine enti\u00e8rement int\u00e9gr\u00e9e situ\u00e9e \u00e0 Montr\u00e9al traite avec les clients d\u00e8s le moment de la demande de soumission, \u00e0 la conception et \u00e0 la production d&#8217;outils, en passant par la conception de processus, la fabrication et la finition de composantes ou produits, tout au m\u00eame endroit.\t\t<\/p>\n<h3>D\u00e9lai de livraison &#8211; 1 \u00e0 2 semaines<\/h3>\n<p>\t\tEn utilisant les principes du Lean Manufacturing, nous sommes en mesure de lib\u00e9rer toujours nos processus au besoin pour obtenir un ordre quelconque fait dans un court laps de temps. Nous exp\u00e9dions environ 500 000 pi\u00e8ces par semaine en moyenne.<br \/>\n\t\t\t\t\t<a href=\"https:\/\/capitolindustriesinc.com\/moulage-sous-pression\/\"><br \/>\n\t\t\t\t\t\t\t\t\tEn savoir plus<br \/>\n\t\t\t\t\t<\/a><br \/>\n\t\t\t\t\t\t\t\t\t\t\t\t\t\t\t<img fetchpriority=\"high\" decoding=\"async\" width=\"800\" height=\"462\" src=\"https:\/\/capitolindustriesinc.com\/wp-content\/uploads\/2020\/01\/20191127_113919-1.jpg\" alt=\"\" srcset=\"https:\/\/capitolindustriesinc.com\/wp-content\/uploads\/2020\/01\/20191127_113919-1.jpg 800w, https:\/\/capitolindustriesinc.com\/wp-content\/uploads\/2020\/01\/20191127_113919-1-300x173.jpg 300w, https:\/\/capitolindustriesinc.com\/wp-content\/uploads\/2020\/01\/20191127_113919-1-768x444.jpg 768w, https:\/\/capitolindustriesinc.com\/wp-content\/uploads\/2020\/01\/20191127_113919-1-150x87.jpg 150w\" sizes=\"(max-width: 800px) 100vw, 800px\" \/><br \/>\n\t\t\t\t\t\t\t\t\t\t\t\t\t\t\t<img decoding=\"async\" width=\"800\" height=\"452\" src=\"https:\/\/capitolindustriesinc.com\/wp-content\/uploads\/2020\/01\/20191128_120524.jpg\" alt=\"\" srcset=\"https:\/\/capitolindustriesinc.com\/wp-content\/uploads\/2020\/01\/20191128_120524.jpg 800w, https:\/\/capitolindustriesinc.com\/wp-content\/uploads\/2020\/01\/20191128_120524-300x170.jpg 300w, https:\/\/capitolindustriesinc.com\/wp-content\/uploads\/2020\/01\/20191128_120524-768x434.jpg 768w, https:\/\/capitolindustriesinc.com\/wp-content\/uploads\/2020\/01\/20191128_120524-150x85.jpg 150w\" sizes=\"(max-width: 800px) 100vw, 800px\" \/>\t\t\t\t\t\t\t\t\t\t\t\t\t\t\t<\/p>\n<h3>Contr\u00f4le de qualit\u00e9<\/h3>\n<p>\t\tNotre usine est certifi\u00e9e ISO 9001: 2015 et est r\u00e9gie par un ensemble de proc\u00e9dures de suivi syst\u00e9matiques couvrant toutes les processus cl\u00e9s de notre entreprise.<br \/>\n\t\t\t\t\t<a href=\"https:\/\/capitolindustriesinc.com\/a-propos\/controle-de-qualite\/\"><br \/>\n\t\t\t\t\t\t\t\t\tEn savoir plus<br \/>\n\t\t\t\t\t<\/a><\/p>\n<p>Dans notre effort continu pour fournir des produits finis de la plus haute qualit\u00e9, notre \u00e9quipe d\u2019assurance qualit\u00e9 supervise avec rigueur et surveille tous les aspects de nos processus de fabrication.<\/p>\n<h3>Certifications<\/h3>\n<p>\t\t\t\t\t\t\t\t\t\t\t\t\t\t\t<img decoding=\"async\" width=\"974\" height=\"1200\" src=\"https:\/\/capitolindustriesinc.com\/wp-content\/uploads\/2025\/10\/ISO-9001_2015-blak.jpg\" alt=\"\" srcset=\"https:\/\/capitolindustriesinc.com\/wp-content\/uploads\/2025\/10\/ISO-9001_2015-blak.jpg 974w, https:\/\/capitolindustriesinc.com\/wp-content\/uploads\/2025\/10\/ISO-9001_2015-blak-244x300.jpg 244w, https:\/\/capitolindustriesinc.com\/wp-content\/uploads\/2025\/10\/ISO-9001_2015-blak-831x1024.jpg 831w, https:\/\/capitolindustriesinc.com\/wp-content\/uploads\/2025\/10\/ISO-9001_2015-blak-768x946.jpg 768w, https:\/\/capitolindustriesinc.com\/wp-content\/uploads\/2025\/10\/ISO-9001_2015-blak-122x150.jpg 122w\" sizes=\"(max-width: 974px) 100vw, 974px\" \/>\t\t\t\t\t\t\t\t\t\t\t\t\t\t\t<\/p>\n<h3>Associations<\/h3>\n<p>\t\t\t\t\t\t\t\t\t\t\t\t\t\t\t\t<a href=\"https:\/\/www.aloa.org\/index.html\"><br \/>\n\t\t\t\t\t\t\t<img loading=\"lazy\" decoding=\"async\" width=\"100\" height=\"127\" src=\"https:\/\/capitolindustriesinc.com\/wp-content\/uploads\/2019\/10\/aloa-logo-e1605129047392.png\" alt=\"\" \/>\t\t\t\t\t\t\t\t<\/a><br \/>\n\t\t\t\t\t\t\t\t\t\t\t\t\t\t\t\t<a href=\"https:\/\/www.diecasting.org\/\"><br \/>\n\t\t\t\t\t\t\t<img loading=\"lazy\" decoding=\"async\" width=\"254\" height=\"72\" src=\"https:\/\/capitolindustriesinc.com\/wp-content\/uploads\/2019\/10\/NADCA-LOGO_2.jpg\" alt=\"\" srcset=\"https:\/\/capitolindustriesinc.com\/wp-content\/uploads\/2019\/10\/NADCA-LOGO_2.jpg 254w, https:\/\/capitolindustriesinc.com\/wp-content\/uploads\/2019\/10\/NADCA-LOGO_2-150x43.jpg 150w\" sizes=\"(max-width: 254px) 100vw, 254px\" \/>\t\t\t\t\t\t\t\t<\/a><br \/>\n\t\t\t\t\t\t\t\t\t\t\t\t\t\t\t\t<a href=\"https:\/\/shda.org\/aws\/SHDA\/pt\/sp\/home_page\"><br \/>\n\t\t\t\t\t\t\t<img loading=\"lazy\" decoding=\"async\" width=\"150\" height=\"53\" src=\"https:\/\/capitolindustriesinc.com\/wp-content\/uploads\/2019\/10\/shda_logo-e1605129032674.png\" alt=\"\" \/>\t\t\t\t\t\t\t\t<\/a><\/p>\n","protected":false},"excerpt":{"rendered":"<p>Serrures Capitol est manufacturier nord-am\u00e9ricain de serrures \u00e0 came et autres. Visitez notre catalogue en ligne ou demandez-nous des solutions sur mesure pour vous. Moulage Capitol est l&#8217;un des plus gros consommateurs d&#8217;alliage de zinc au Canada, produisant des millions de pi\u00e8ces tous les mois. Une envergure internationale Plus de 60 ans d\u2019exp\u00e9rience dans le [&hellip;]<\/p>\n","protected":false},"author":1,"featured_media":0,"parent":0,"menu_order":0,"comment_status":"closed","ping_status":"closed","template":"elementor_header_footer","meta":{"inline_featured_image":false,"footnotes":""},"class_list":["post-7","page","type-page","status-publish","hentry"],"yoast_head":"<!-- This site is optimized with the Yoast SEO plugin v25.6 - https:\/\/yoast.com\/wordpress\/plugins\/seo\/ -->\n<title>Accueil - Capitol Industries<\/title>\n<meta name=\"description\" content=\"Serrures Capitol est manufacturier nord-am\u00e9ricain de serrures \u00e0 came et autres. Visitez notre catalogue en ligne ou demandez-nous des solutions sur mesure\" \/>\n<meta name=\"robots\" content=\"index, follow, max-snippet:-1, max-image-preview:large, max-video-preview:-1\" \/>\n<meta property=\"og:locale\" content=\"fr_CA\" \/>\n<meta property=\"og:type\" content=\"article\" \/>\n<meta property=\"og:title\" content=\"Accueil - Capitol Industries\" \/>\n<meta property=\"og:description\" content=\"Serrures Capitol est manufacturier nord-am\u00e9ricain de serrures \u00e0 came et autres. Visitez notre catalogue en ligne ou demandez-nous des solutions sur mesure\" \/>\n<meta property=\"og:url\" content=\"https:\/\/capitolindustriesinc.com\/fr\/\" \/>\n<meta property=\"og:site_name\" content=\"Capitol Industries\" \/>\n<meta property=\"article:modified_time\" content=\"2025-10-29T21:13:36+00:00\" \/>\n<meta property=\"og:image\" content=\"https:\/\/capitolindustriesinc.com\/wp-content\/uploads\/elementor\/thumbs\/product_slider_0002_20170929_103025-e1509463550841-p3ccpif6412k3bzfeyeol04d8y15y30k83u32mwa8g.png\" \/>\n<meta name=\"twitter:card\" content=\"summary_large_image\" \/>\n<meta name=\"twitter:label1\" content=\"Estimation du temps de lecture\" \/>\n\t<meta name=\"twitter:data1\" content=\"4 minutes\" \/>\n<script type=\"application\/ld+json\" class=\"yoast-schema-graph\">{\"@context\":\"https:\/\/schema.org\",\"@graph\":[{\"@type\":\"WebPage\",\"@id\":\"https:\/\/capitolindustriesinc.com\/fr\/\",\"url\":\"https:\/\/capitolindustriesinc.com\/fr\/\",\"name\":\"Accueil - Capitol Industries\",\"isPartOf\":{\"@id\":\"https:\/\/capitolindustriesinc.com\/en\/#website\"},\"primaryImageOfPage\":{\"@id\":\"https:\/\/capitolindustriesinc.com\/fr\/#primaryimage\"},\"image\":{\"@id\":\"https:\/\/capitolindustriesinc.com\/fr\/#primaryimage\"},\"thumbnailUrl\":\"https:\/\/capitolindustriesinc.com\/wp-content\/uploads\/elementor\/thumbs\/product_slider_0002_20170929_103025-e1509463550841-p3ccpif6412k3bzfeyeol04d8y15y30k83u32mwa8g.png\",\"datePublished\":\"2019-08-14T17:48:59+00:00\",\"dateModified\":\"2025-10-29T21:13:36+00:00\",\"description\":\"Serrures Capitol est manufacturier nord-am\u00e9ricain de serrures \u00e0 came et autres. Visitez notre catalogue en ligne ou demandez-nous des solutions sur mesure\",\"breadcrumb\":{\"@id\":\"https:\/\/capitolindustriesinc.com\/fr\/#breadcrumb\"},\"inLanguage\":\"fr-CA\",\"potentialAction\":[{\"@type\":\"ReadAction\",\"target\":[\"https:\/\/capitolindustriesinc.com\/fr\/\"]}]},{\"@type\":\"ImageObject\",\"inLanguage\":\"fr-CA\",\"@id\":\"https:\/\/capitolindustriesinc.com\/fr\/#primaryimage\",\"url\":\"https:\/\/capitolindustriesinc.com\/wp-content\/uploads\/elementor\/thumbs\/product_slider_0002_20170929_103025-e1509463550841-p3ccpif6412k3bzfeyeol04d8y15y30k83u32mwa8g.png\",\"contentUrl\":\"https:\/\/capitolindustriesinc.com\/wp-content\/uploads\/elementor\/thumbs\/product_slider_0002_20170929_103025-e1509463550841-p3ccpif6412k3bzfeyeol04d8y15y30k83u32mwa8g.png\"},{\"@type\":\"BreadcrumbList\",\"@id\":\"https:\/\/capitolindustriesinc.com\/fr\/#breadcrumb\",\"itemListElement\":[{\"@type\":\"ListItem\",\"position\":1,\"name\":\"Accueil\",\"item\":\"https:\/\/capitolindustriesinc.com\/fr\/\"},{\"@type\":\"ListItem\",\"position\":2,\"name\":\"Accueil\"}]},{\"@type\":\"WebSite\",\"@id\":\"https:\/\/capitolindustriesinc.com\/en\/#website\",\"url\":\"https:\/\/capitolindustriesinc.com\/en\/\",\"name\":\"Capitol Industries\",\"description\":\"\",\"publisher\":{\"@id\":\"https:\/\/capitolindustriesinc.com\/en\/#organization\"},\"potentialAction\":[{\"@type\":\"SearchAction\",\"target\":{\"@type\":\"EntryPoint\",\"urlTemplate\":\"https:\/\/capitolindustriesinc.com\/en\/?s={search_term_string}\"},\"query-input\":{\"@type\":\"PropertyValueSpecification\",\"valueRequired\":true,\"valueName\":\"search_term_string\"}}],\"inLanguage\":\"fr-CA\"},{\"@type\":\"Organization\",\"@id\":\"https:\/\/capitolindustriesinc.com\/en\/#organization\",\"name\":\"Capitol Industries Inc.\",\"url\":\"https:\/\/capitolindustriesinc.com\/en\/\",\"logo\":{\"@type\":\"ImageObject\",\"inLanguage\":\"fr-CA\",\"@id\":\"https:\/\/capitolindustriesinc.com\/en\/#\/schema\/logo\/image\/\",\"url\":\"https:\/\/capitolindustriesinc.com\/wp-content\/uploads\/2019\/08\/Logo_capitol_industries_inc.svg\",\"contentUrl\":\"https:\/\/capitolindustriesinc.com\/wp-content\/uploads\/2019\/08\/Logo_capitol_industries_inc.svg\",\"width\":134.29,\"height\":47.71,\"caption\":\"Capitol Industries Inc.\"},\"image\":{\"@id\":\"https:\/\/capitolindustriesinc.com\/en\/#\/schema\/logo\/image\/\"}}]}<\/script>\n<!-- \/ Yoast SEO plugin. -->","yoast_head_json":{"title":"Accueil - Capitol Industries","description":"Serrures Capitol est manufacturier nord-am\u00e9ricain de serrures \u00e0 came et autres. Visitez notre catalogue en ligne ou demandez-nous des solutions sur mesure","robots":{"index":"index","follow":"follow","max-snippet":"max-snippet:-1","max-image-preview":"max-image-preview:large","max-video-preview":"max-video-preview:-1"},"og_locale":"fr_CA","og_type":"article","og_title":"Accueil - Capitol Industries","og_description":"Serrures Capitol est manufacturier nord-am\u00e9ricain de serrures \u00e0 came et autres. Visitez notre catalogue en ligne ou demandez-nous des solutions sur mesure","og_url":"https:\/\/capitolindustriesinc.com\/fr\/","og_site_name":"Capitol Industries","article_modified_time":"2025-10-29T21:13:36+00:00","og_image":[{"url":"https:\/\/capitolindustriesinc.com\/wp-content\/uploads\/elementor\/thumbs\/product_slider_0002_20170929_103025-e1509463550841-p3ccpif6412k3bzfeyeol04d8y15y30k83u32mwa8g.png","type":"","width":"","height":""}],"twitter_card":"summary_large_image","twitter_misc":{"Estimation du temps de lecture":"4 minutes"},"schema":{"@context":"https:\/\/schema.org","@graph":[{"@type":"WebPage","@id":"https:\/\/capitolindustriesinc.com\/fr\/","url":"https:\/\/capitolindustriesinc.com\/fr\/","name":"Accueil - Capitol Industries","isPartOf":{"@id":"https:\/\/capitolindustriesinc.com\/en\/#website"},"primaryImageOfPage":{"@id":"https:\/\/capitolindustriesinc.com\/fr\/#primaryimage"},"image":{"@id":"https:\/\/capitolindustriesinc.com\/fr\/#primaryimage"},"thumbnailUrl":"https:\/\/capitolindustriesinc.com\/wp-content\/uploads\/elementor\/thumbs\/product_slider_0002_20170929_103025-e1509463550841-p3ccpif6412k3bzfeyeol04d8y15y30k83u32mwa8g.png","datePublished":"2019-08-14T17:48:59+00:00","dateModified":"2025-10-29T21:13:36+00:00","description":"Serrures Capitol est manufacturier nord-am\u00e9ricain de serrures \u00e0 came et autres. Visitez notre catalogue en ligne ou demandez-nous des solutions sur mesure","breadcrumb":{"@id":"https:\/\/capitolindustriesinc.com\/fr\/#breadcrumb"},"inLanguage":"fr-CA","potentialAction":[{"@type":"ReadAction","target":["https:\/\/capitolindustriesinc.com\/fr\/"]}]},{"@type":"ImageObject","inLanguage":"fr-CA","@id":"https:\/\/capitolindustriesinc.com\/fr\/#primaryimage","url":"https:\/\/capitolindustriesinc.com\/wp-content\/uploads\/elementor\/thumbs\/product_slider_0002_20170929_103025-e1509463550841-p3ccpif6412k3bzfeyeol04d8y15y30k83u32mwa8g.png","contentUrl":"https:\/\/capitolindustriesinc.com\/wp-content\/uploads\/elementor\/thumbs\/product_slider_0002_20170929_103025-e1509463550841-p3ccpif6412k3bzfeyeol04d8y15y30k83u32mwa8g.png"},{"@type":"BreadcrumbList","@id":"https:\/\/capitolindustriesinc.com\/fr\/#breadcrumb","itemListElement":[{"@type":"ListItem","position":1,"name":"Accueil","item":"https:\/\/capitolindustriesinc.com\/fr\/"},{"@type":"ListItem","position":2,"name":"Accueil"}]},{"@type":"WebSite","@id":"https:\/\/capitolindustriesinc.com\/en\/#website","url":"https:\/\/capitolindustriesinc.com\/en\/","name":"Capitol Industries","description":"","publisher":{"@id":"https:\/\/capitolindustriesinc.com\/en\/#organization"},"potentialAction":[{"@type":"SearchAction","target":{"@type":"EntryPoint","urlTemplate":"https:\/\/capitolindustriesinc.com\/en\/?s={search_term_string}"},"query-input":{"@type":"PropertyValueSpecification","valueRequired":true,"valueName":"search_term_string"}}],"inLanguage":"fr-CA"},{"@type":"Organization","@id":"https:\/\/capitolindustriesinc.com\/en\/#organization","name":"Capitol Industries Inc.","url":"https:\/\/capitolindustriesinc.com\/en\/","logo":{"@type":"ImageObject","inLanguage":"fr-CA","@id":"https:\/\/capitolindustriesinc.com\/en\/#\/schema\/logo\/image\/","url":"https:\/\/capitolindustriesinc.com\/wp-content\/uploads\/2019\/08\/Logo_capitol_industries_inc.svg","contentUrl":"https:\/\/capitolindustriesinc.com\/wp-content\/uploads\/2019\/08\/Logo_capitol_industries_inc.svg","width":134.29,"height":47.71,"caption":"Capitol Industries Inc."},"image":{"@id":"https:\/\/capitolindustriesinc.com\/en\/#\/schema\/logo\/image\/"}}]}},"_links":{"self":[{"href":"https:\/\/capitolindustriesinc.com\/fr\/wp-json\/wp\/v2\/pages\/7"}],"collection":[{"href":"https:\/\/capitolindustriesinc.com\/fr\/wp-json\/wp\/v2\/pages"}],"about":[{"href":"https:\/\/capitolindustriesinc.com\/fr\/wp-json\/wp\/v2\/types\/page"}],"author":[{"embeddable":true,"href":"https:\/\/capitolindustriesinc.com\/fr\/wp-json\/wp\/v2\/users\/1"}],"replies":[{"embeddable":true,"href":"https:\/\/capitolindustriesinc.com\/fr\/wp-json\/wp\/v2\/comments?post=7"}],"version-history":[{"count":36,"href":"https:\/\/capitolindustriesinc.com\/fr\/wp-json\/wp\/v2\/pages\/7\/revisions"}],"predecessor-version":[{"id":4585,"href":"https:\/\/capitolindustriesinc.com\/fr\/wp-json\/wp\/v2\/pages\/7\/revisions\/4585"}],"wp:attachment":[{"href":"https:\/\/capitolindustriesinc.com\/fr\/wp-json\/wp\/v2\/media?parent=7"}],"curies":[{"name":"wp","href":"https:\/\/api.w.org\/{rel}","templated":true}]}}